{"id":3444,"date":"2025-11-11T17:33:42","date_gmt":"2025-11-11T16:33:42","guid":{"rendered":"https:\/\/cabinet-dentaire-nguyen-van-duong.fr\/dental-implants-near-saint-germain-en-laye\/"},"modified":"2025-12-22T11:48:53","modified_gmt":"2025-12-22T10:48:53","slug":"dental-implants-near-saint-germain-en-laye","status":"publish","type":"page","link":"https:\/\/cabinet-dentaire-nguyen-van-duong.fr\/en\/dental-implants-near-saint-germain-en-laye\/","title":{"rendered":"Dental implants near Saint-Germain-en-Laye"},"content":{"rendered":"\n<p>Modern implantology has transformed the field of dentistry, particularly in tooth replacement. Today&#8217;s implants offer a specific, long-term solution. Designed to be biocompatible, they perfectly mimic the functions of natural teeth. What&#8217;s more, these implants do not harm adjacent teeth and can be adapted to a multitude of clinical cases, making treatment accessible and effective for many patients. Make an appointment with <a href=\"https:\/\/www.google.com\/maps\/dir\/Saint-Germain-en-Laye\/Docteur+Florence+Nguyen+Van+Duong,+23+Rue+Ernest+Gouin,+78290+Croissy\/@48.8905349,2.0605827,12.97z\/data=!4m14!4m13!1m5!1m1!1s0x47e66206d8924985:0x40b82c3688c3840!2m2!1d2.093761!2d48.898908!1m5!1m1!1s0x47e662c15f36200f:0xb556cb567b2bb32d!2m2!1d2.1272057!2d48.8764722!3e0?entry=ttu\" target=\"_blank\" rel=\"noreferrer noopener nofollow\">Cabinet Claude Monet<\/a> for your dental implants near Saint-Germain-en-Laye.    <\/p>\n\n<h2 class=\"wp-block-heading\">The town of Saint-Germain-en-Laye<\/h2>\n\n<p>Saint-Germain-en-Laye is famous for its castles (Ch\u00e2teau-Vieux, remains of Ch\u00e2teau-Neuf, Ch\u00e2teau d&#8217;Hennemont), terrace, forest, schools, shops and museums (Mus\u00e9e d&#8217;Arch\u00e9ologie Nationale, Mus\u00e9e du Prieur\u00e9, Mus\u00e9e Claude-Debussy). The Claude Monet dental surgery can be reached in around 20 minutes by car. <\/p>\n\n<h2 class=\"wp-block-heading\" id=\"Un-processus-int&#xE9;gral-d'implants-dentaires-pr&#xE8;s-de-Saint-Germain-en-Laye\">A complete dental implant process near Saint-Germain-en-Laye<\/h2>\n\n<p>Our clinic carries out all the steps on site, from implant placement to the creation of prostheses.<\/p>\n\n<h3 class=\"wp-block-heading\">Putting safety first with 3D radiography (CBCT)<\/h3>\n\n<p>Your safety and comfort are paramount to our team during treatment. Implant surgery must therefore be precise and planned in 3D, to avoid any misplacement and preserve vital anatomical structures. <\/p>\n\n<p>3D radiography and 3D planning = predictability and safety<\/p>\n\n<h3 class=\"wp-block-heading\">Precise, reliable dental implant treatment near Saint-Germain-en-Laye<\/h3>\n\n<p>After drawing up a customized treatment plan and determining implant placement, we use surgical guides for precise and safe placement. These guides are created from virtual 3D modeling of your implants and printed with our 3D printers. <\/p>\n\n<p>Considered the greatest advance in dentistry today, dental implants deserve the best technology for replacing your teeth. Make an appointment to discover the benefits of dental implants. <\/p>\n\n<h3 class=\"wp-block-heading\">Who can benefit from implant treatment?<\/h3>\n\n<p>Today, it is rare not to be eligible for implants. Bone loss can be an obstacle, but thanks to technological advances and a better understanding of biological processes, it is now possible to regenerate the bone required for implants. <\/p>\n\n<h3 class=\"wp-block-heading\">Is implant placement painful?<\/h3>\n\n<p>Contrary to popular belief, pain is minimal and any post-operative discomfort is easily managed with standard analgesics.<\/p>\n\n<h2 class=\"wp-block-heading\" id=\"Comment-entretenir-les-implants-dentaires-?\">How to care for dental implants<\/h2>\n\n<p>Implants require the same care as your natural teeth: rigorous oral hygiene with brushing and use of dental floss or brushes. Regular visits and professional cleaning are essential for gum health and implant longevity. <\/p>\n\n<p>Although implants and their prostheses are not prone to decay, the surrounding bone and gum tissue can become inflamed or infected without proper oral hygiene. Properly maintained, dental implants can last for many years. <\/p>\n\n<blockquote class=\"wp-block-quote is-layout-flow wp-block-quote-is-layout-flow\">\n<p>Don&#8217;t hesitate to contact Claude Monet for your dental implants near Saint-Germain-en-Laye. Our team looks forward to welcoming you to meet your needs. <\/p>\n<\/blockquote>\n","protected":false},"excerpt":{"rendered":"<p>Modern implantology has transformed the field of dentistry, particularly in tooth replacement. Today&#8217;s implants offer a specific, long-term solution. Designed to be biocompatible, they perfectly mimic the functions of natural teeth. What&#8217;s more, these implants do not harm adjacent teeth and can be adapted to a multitude of clinical cases, making treatment accessible and effective [&hellip;]<\/p>\n","protected":false},"author":1,"featured_media":3269,"parent":0,"menu_order":0,"comment_status":"closed","ping_status":"closed","template":"","meta":{"_acf_changed":false,"footnotes":""},"class_list":["post-3444","page","type-page","status-publish","has-post-thumbnail","hentry"],"acf":[],"yoast_head":"\n<title>Dental implants | Dentist near Saint-Germain-en-Laye<\/title>\n<meta name=\"description\" content=\"The Claude Monet practice offers dental implants near Saint-Germain-en-Laye, guaranteeing a radiant smile.\" \/>\n<meta name=\"robots\" content=\"index, follow, max-snippet:-1, max-image-preview:large, max-video-preview:-1\" \/>\n<link rel=\"canonical\" href=\"https:\/\/cabinet-dentaire-nguyen-van-duong.fr\/en\/dental-implants-near-saint-germain-en-laye\/\" \/>\n<meta property=\"og:locale\" content=\"en_US\" \/>\n<meta property=\"og:type\" content=\"article\" \/>\n<meta property=\"og:title\" content=\"Dental implants | Dentist near Saint-Germain-en-Laye\" \/>\n<meta property=\"og:description\" content=\"The Claude Monet practice offers dental implants near Saint-Germain-en-Laye, guaranteeing a radiant smile.\" \/>\n<meta property=\"og:url\" content=\"https:\/\/cabinet-dentaire-nguyen-van-duong.fr\/en\/dental-implants-near-saint-germain-en-laye\/\" \/>\n<meta property=\"og:site_name\" content=\"Dentiste \u00e0 Croissy | Cabinet Dentaire Claude Monet\" \/>\n<meta property=\"article:modified_time\" content=\"2025-12-22T10:48:53+00:00\" \/>\n<meta property=\"og:image\" content=\"https:\/\/cabinet-dentaire-nguyen-van-duong.fr\/wp-content\/uploads\/2025\/08\/implant-perte-osseuse-cabinet-claude-monet.webp\" \/>\n\t<meta property=\"og:image:width\" content=\"1780\" \/>\n\t<meta property=\"og:image:height\" content=\"720\" \/>\n\t<meta property=\"og:image:type\" content=\"image\/webp\" \/>\n<meta name=\"twitter:card\" content=\"summary_large_image\" \/>\n<meta name=\"twitter:label1\" content=\"Est. reading time\" \/>\n\t<meta name=\"twitter:data1\" content=\"2 minutes\" \/>\n<script type=\"application\/ld+json\" class=\"yoast-schema-graph\">{\"@context\":\"https:\/\/schema.org\",\"@graph\":[{\"@type\":\"WebPage\",\"@id\":\"https:\/\/cabinet-dentaire-nguyen-van-duong.fr\/en\/dental-implants-near-saint-germain-en-laye\/\",\"url\":\"https:\/\/cabinet-dentaire-nguyen-van-duong.fr\/en\/dental-implants-near-saint-germain-en-laye\/\",\"name\":\"Dental implants | Dentist near Saint-Germain-en-Laye\",\"isPartOf\":{\"@id\":\"https:\/\/cabinet-dentaire-nguyen-van-duong.fr\/en\/#website\"},\"primaryImageOfPage\":{\"@id\":\"https:\/\/cabinet-dentaire-nguyen-van-duong.fr\/en\/dental-implants-near-saint-germain-en-laye\/#primaryimage\"},\"image\":{\"@id\":\"https:\/\/cabinet-dentaire-nguyen-van-duong.fr\/en\/dental-implants-near-saint-germain-en-laye\/#primaryimage\"},\"thumbnailUrl\":\"https:\/\/cabinet-dentaire-nguyen-van-duong.fr\/wp-content\/uploads\/2025\/08\/implant-perte-osseuse-cabinet-claude-monet.webp\",\"datePublished\":\"2025-11-11T16:33:42+00:00\",\"dateModified\":\"2025-12-22T10:48:53+00:00\",\"description\":\"The Claude Monet practice offers dental implants near Saint-Germain-en-Laye, guaranteeing a radiant smile.\",\"breadcrumb\":{\"@id\":\"https:\/\/cabinet-dentaire-nguyen-van-duong.fr\/en\/dental-implants-near-saint-germain-en-laye\/#breadcrumb\"},\"inLanguage\":\"en-US\",\"potentialAction\":[{\"@type\":\"ReadAction\",\"target\":[\"https:\/\/cabinet-dentaire-nguyen-van-duong.fr\/en\/dental-implants-near-saint-germain-en-laye\/\"]}]},{\"@type\":\"ImageObject\",\"inLanguage\":\"en-US\",\"@id\":\"https:\/\/cabinet-dentaire-nguyen-van-duong.fr\/en\/dental-implants-near-saint-germain-en-laye\/#primaryimage\",\"url\":\"https:\/\/cabinet-dentaire-nguyen-van-duong.fr\/wp-content\/uploads\/2025\/08\/implant-perte-osseuse-cabinet-claude-monet.webp\",\"contentUrl\":\"https:\/\/cabinet-dentaire-nguyen-van-duong.fr\/wp-content\/uploads\/2025\/08\/implant-perte-osseuse-cabinet-claude-monet.webp\",\"width\":1780,\"height\":720},{\"@type\":\"BreadcrumbList\",\"@id\":\"https:\/\/cabinet-dentaire-nguyen-van-duong.fr\/en\/dental-implants-near-saint-germain-en-laye\/#breadcrumb\",\"itemListElement\":[{\"@type\":\"ListItem\",\"position\":1,\"name\":\"Home\",\"item\":\"https:\/\/cabinet-dentaire-nguyen-van-duong.fr\/en\/\"},{\"@type\":\"ListItem\",\"position\":2,\"name\":\"Dental implants near Saint-Germain-en-Laye\"}]},{\"@type\":\"WebSite\",\"@id\":\"https:\/\/cabinet-dentaire-nguyen-van-duong.fr\/en\/#website\",\"url\":\"https:\/\/cabinet-dentaire-nguyen-van-duong.fr\/en\/\",\"name\":\"Dentiste \u00e0 Croissy | Cabinet Dentaire Claude Monet\",\"description\":\"Chirurgiens-dentistes \u00e0 Croissy-sur-Seine | Drs Pauline &amp; Florence Nguyen Van Duong | Cabinet Dentaire Claude Monet, traitements dentaires, dentiste enfant, implants dentaires, facettes c\u00e9ramiques, couronnes, soins des gencives\",\"publisher\":{\"@id\":\"https:\/\/cabinet-dentaire-nguyen-van-duong.fr\/en\/#organization\"},\"potentialAction\":[{\"@type\":\"SearchAction\",\"target\":{\"@type\":\"EntryPoint\",\"urlTemplate\":\"https:\/\/cabinet-dentaire-nguyen-van-duong.fr\/en\/?s={search_term_string}\"},\"query-input\":{\"@type\":\"PropertyValueSpecification\",\"valueRequired\":true,\"valueName\":\"search_term_string\"}}],\"inLanguage\":\"en-US\"},{\"@type\":\"Organization\",\"@id\":\"https:\/\/cabinet-dentaire-nguyen-van-duong.fr\/en\/#organization\",\"name\":\"Dentiste \u00e0 Croissy | Cabinet Dentaire Claude Monet\",\"url\":\"https:\/\/cabinet-dentaire-nguyen-van-duong.fr\/en\/\",\"logo\":{\"@type\":\"ImageObject\",\"inLanguage\":\"en-US\",\"@id\":\"https:\/\/cabinet-dentaire-nguyen-van-duong.fr\/en\/#\/schema\/logo\/image\/\",\"url\":\"\",\"contentUrl\":\"\",\"caption\":\"Dentiste \u00e0 Croissy | Cabinet Dentaire Claude Monet\"},\"image\":{\"@id\":\"https:\/\/cabinet-dentaire-nguyen-van-duong.fr\/en\/#\/schema\/logo\/image\/\"}}]}<\/script>\n","yoast_head_json":{"title":"Dental implants | Dentist near Saint-Germain-en-Laye","description":"The Claude Monet practice offers dental implants near Saint-Germain-en-Laye, guaranteeing a radiant smile.","robots":{"index":"index","follow":"follow","max-snippet":"max-snippet:-1","max-image-preview":"max-image-preview:large","max-video-preview":"max-video-preview:-1"},"canonical":"https:\/\/cabinet-dentaire-nguyen-van-duong.fr\/en\/dental-implants-near-saint-germain-en-laye\/","og_locale":"en_US","og_type":"article","og_title":"Dental implants | Dentist near Saint-Germain-en-Laye","og_description":"The Claude Monet practice offers dental implants near Saint-Germain-en-Laye, guaranteeing a radiant smile.","og_url":"https:\/\/cabinet-dentaire-nguyen-van-duong.fr\/en\/dental-implants-near-saint-germain-en-laye\/","og_site_name":"Dentiste \u00e0 Croissy | Cabinet Dentaire Claude Monet","article_modified_time":"2025-12-22T10:48:53+00:00","og_image":[{"width":1780,"height":720,"url":"https:\/\/cabinet-dentaire-nguyen-van-duong.fr\/wp-content\/uploads\/2025\/08\/implant-perte-osseuse-cabinet-claude-monet.webp","type":"image\/webp"}],"twitter_card":"summary_large_image","twitter_misc":{"Est. reading time":"2 minutes"},"schema":{"@context":"https:\/\/schema.org","@graph":[{"@type":"WebPage","@id":"https:\/\/cabinet-dentaire-nguyen-van-duong.fr\/en\/dental-implants-near-saint-germain-en-laye\/","url":"https:\/\/cabinet-dentaire-nguyen-van-duong.fr\/en\/dental-implants-near-saint-germain-en-laye\/","name":"Dental implants | Dentist near Saint-Germain-en-Laye","isPartOf":{"@id":"https:\/\/cabinet-dentaire-nguyen-van-duong.fr\/en\/#website"},"primaryImageOfPage":{"@id":"https:\/\/cabinet-dentaire-nguyen-van-duong.fr\/en\/dental-implants-near-saint-germain-en-laye\/#primaryimage"},"image":{"@id":"https:\/\/cabinet-dentaire-nguyen-van-duong.fr\/en\/dental-implants-near-saint-germain-en-laye\/#primaryimage"},"thumbnailUrl":"https:\/\/cabinet-dentaire-nguyen-van-duong.fr\/wp-content\/uploads\/2025\/08\/implant-perte-osseuse-cabinet-claude-monet.webp","datePublished":"2025-11-11T16:33:42+00:00","dateModified":"2025-12-22T10:48:53+00:00","description":"The Claude Monet practice offers dental implants near Saint-Germain-en-Laye, guaranteeing a radiant smile.","breadcrumb":{"@id":"https:\/\/cabinet-dentaire-nguyen-van-duong.fr\/en\/dental-implants-near-saint-germain-en-laye\/#breadcrumb"},"inLanguage":"en-US","potentialAction":[{"@type":"ReadAction","target":["https:\/\/cabinet-dentaire-nguyen-van-duong.fr\/en\/dental-implants-near-saint-germain-en-laye\/"]}]},{"@type":"ImageObject","inLanguage":"en-US","@id":"https:\/\/cabinet-dentaire-nguyen-van-duong.fr\/en\/dental-implants-near-saint-germain-en-laye\/#primaryimage","url":"https:\/\/cabinet-dentaire-nguyen-van-duong.fr\/wp-content\/uploads\/2025\/08\/implant-perte-osseuse-cabinet-claude-monet.webp","contentUrl":"https:\/\/cabinet-dentaire-nguyen-van-duong.fr\/wp-content\/uploads\/2025\/08\/implant-perte-osseuse-cabinet-claude-monet.webp","width":1780,"height":720},{"@type":"BreadcrumbList","@id":"https:\/\/cabinet-dentaire-nguyen-van-duong.fr\/en\/dental-implants-near-saint-germain-en-laye\/#breadcrumb","itemListElement":[{"@type":"ListItem","position":1,"name":"Home","item":"https:\/\/cabinet-dentaire-nguyen-van-duong.fr\/en\/"},{"@type":"ListItem","position":2,"name":"Dental implants near Saint-Germain-en-Laye"}]},{"@type":"WebSite","@id":"https:\/\/cabinet-dentaire-nguyen-van-duong.fr\/en\/#website","url":"https:\/\/cabinet-dentaire-nguyen-van-duong.fr\/en\/","name":"Dentiste \u00e0 Croissy | Cabinet Dentaire Claude Monet","description":"Chirurgiens-dentistes \u00e0 Croissy-sur-Seine | Drs Pauline &amp; Florence Nguyen Van Duong | Cabinet Dentaire Claude Monet, traitements dentaires, dentiste enfant, implants dentaires, facettes c\u00e9ramiques, couronnes, soins des gencives","publisher":{"@id":"https:\/\/cabinet-dentaire-nguyen-van-duong.fr\/en\/#organization"},"potentialAction":[{"@type":"SearchAction","target":{"@type":"EntryPoint","urlTemplate":"https:\/\/cabinet-dentaire-nguyen-van-duong.fr\/en\/?s={search_term_string}"},"query-input":{"@type":"PropertyValueSpecification","valueRequired":true,"valueName":"search_term_string"}}],"inLanguage":"en-US"},{"@type":"Organization","@id":"https:\/\/cabinet-dentaire-nguyen-van-duong.fr\/en\/#organization","name":"Dentiste \u00e0 Croissy | Cabinet Dentaire Claude Monet","url":"https:\/\/cabinet-dentaire-nguyen-van-duong.fr\/en\/","logo":{"@type":"ImageObject","inLanguage":"en-US","@id":"https:\/\/cabinet-dentaire-nguyen-van-duong.fr\/en\/#\/schema\/logo\/image\/","url":"","contentUrl":"","caption":"Dentiste \u00e0 Croissy | Cabinet Dentaire Claude Monet"},"image":{"@id":"https:\/\/cabinet-dentaire-nguyen-van-duong.fr\/en\/#\/schema\/logo\/image\/"}}]}},"_links":{"self":[{"href":"https:\/\/cabinet-dentaire-nguyen-van-duong.fr\/en\/wp-json\/wp\/v2\/pages\/3444","targetHints":{"allow":["GET"]}}],"collection":[{"href":"https:\/\/cabinet-dentaire-nguyen-van-duong.fr\/en\/wp-json\/wp\/v2\/pages"}],"about":[{"href":"https:\/\/cabinet-dentaire-nguyen-van-duong.fr\/en\/wp-json\/wp\/v2\/types\/page"}],"author":[{"embeddable":true,"href":"https:\/\/cabinet-dentaire-nguyen-van-duong.fr\/en\/wp-json\/wp\/v2\/users\/1"}],"replies":[{"embeddable":true,"href":"https:\/\/cabinet-dentaire-nguyen-van-duong.fr\/en\/wp-json\/wp\/v2\/comments?post=3444"}],"version-history":[{"count":0,"href":"https:\/\/cabinet-dentaire-nguyen-van-duong.fr\/en\/wp-json\/wp\/v2\/pages\/3444\/revisions"}],"wp:featuredmedia":[{"embeddable":true,"href":"https:\/\/cabinet-dentaire-nguyen-van-duong.fr\/en\/wp-json\/wp\/v2\/media\/3269"}],"wp:attachment":[{"href":"https:\/\/cabinet-dentaire-nguyen-van-duong.fr\/en\/wp-json\/wp\/v2\/media?parent=3444"}],"curies":[{"name":"wp","href":"https:\/\/api.w.org\/{rel}","templated":true}]}}